{"id":771,"date":"2025-07-31T13:02:21","date_gmt":"2025-07-31T11:02:21","guid":{"rendered":"https:\/\/ferranlopezroca.com\/ferran-lopez-roca\/"},"modified":"2026-03-03T11:50:15","modified_gmt":"2026-03-03T10:50:15","slug":"ferran-lopez-roca","status":"publish","type":"page","link":"https:\/\/ferranlopezroca.com\/es\/ferran-lopez-roca\/","title":{"rendered":"Ferran L\u00f3pez Roca"},"content":{"rendered":"\t\t<div data-elementor-type=\"wp-page\" data-elementor-id=\"771\" class=\"elementor elementor-771 elementor-27\" data-elementor-post-type=\"page\">\n\t\t\t\t<div data-particle_enable=\"false\" data-particle-mobile-disabled=\"false\" class=\"elementor-element elementor-element-16b0382 e-con-full e-flex e-con e-parent\" data-id=\"16b0382\" data-element_type=\"container\" data-e-type=\"container\" data-settings=\"{&quot;background_background&quot;:&quot;classic&quot;}\">\n\t\t\t\t<div class=\"elementor-element elementor-element-3ae25f4 elementor-widget elementor-widget-heading\" data-id=\"3ae25f4\" data-element_type=\"widget\" data-e-type=\"widget\" data-widget_type=\"heading.default\">\n\t\t\t\t\t<h1 class=\"elementor-heading-title elementor-size-default\">Ferran L\u00f3pez Roca<\/h1>\t\t\t\t<\/div>\n\t\t\t\t<\/div>\n\t\t<div data-particle_enable=\"false\" data-particle-mobile-disabled=\"false\" class=\"elementor-element elementor-element-b8f8517 e-con-full e-flex e-con e-parent\" data-id=\"b8f8517\" data-element_type=\"container\" data-e-type=\"container\">\n\t\t<div data-particle_enable=\"false\" data-particle-mobile-disabled=\"false\" class=\"elementor-element elementor-element-58f033e e-con-full e-flex e-con e-child\" data-id=\"58f033e\" data-element_type=\"container\" data-e-type=\"container\">\n\t\t\t\t<div class=\"elementor-element elementor-element-81a4c53 elementor-widget elementor-widget-image\" data-id=\"81a4c53\" data-element_type=\"widget\" data-e-type=\"widget\" data-widget_type=\"image.default\">\n\t\t\t\t\t\t\t\t\t\t\t\t\t\t\t<img fetchpriority=\"high\" decoding=\"async\" width=\"1171\" height=\"1600\" src=\"https:\/\/ferranlopezroca.com\/wp-content\/uploads\/2026\/02\/Foto-perfil.jpeg\" class=\"attachment-full size-full wp-image-869\" alt=\"Foto ferran\" srcset=\"https:\/\/ferranlopezroca.com\/wp-content\/uploads\/2026\/02\/Foto-perfil.jpeg 1171w, https:\/\/ferranlopezroca.com\/wp-content\/uploads\/2026\/02\/Foto-perfil-220x300.jpeg 220w, https:\/\/ferranlopezroca.com\/wp-content\/uploads\/2026\/02\/Foto-perfil-749x1024.jpeg 749w, https:\/\/ferranlopezroca.com\/wp-content\/uploads\/2026\/02\/Foto-perfil-768x1049.jpeg 768w, https:\/\/ferranlopezroca.com\/wp-content\/uploads\/2026\/02\/Foto-perfil-1124x1536.jpeg 1124w\" sizes=\"(max-width: 1171px) 100vw, 1171px\" \/>\t\t\t\t\t\t\t\t\t\t\t\t\t\t\t<\/div>\n\t\t\t\t<\/div>\n\t\t<div data-particle_enable=\"false\" data-particle-mobile-disabled=\"false\" class=\"elementor-element elementor-element-c1ab444 e-con-full e-flex e-con e-child\" data-id=\"c1ab444\" data-element_type=\"container\" data-e-type=\"container\">\n\t\t\t\t<div class=\"elementor-element elementor-element-a659a0d elementor-widget elementor-widget-text-editor\" data-id=\"a659a0d\" data-element_type=\"widget\" data-e-type=\"widget\" data-widget_type=\"text-editor.default\">\n\t\t\t\t\t\t\t\t\t<p>Despu\u00e9s de cursar los estudios de Arquitectura en la Universidad de Girona, fund\u00e9 el estudio en la misma ciudad en 2007.<\/p><p>Desde entonces he centrado la actividad profesional en la creaci\u00f3n de proyectos donde intento escoger al cliente y trabajar en una escala que permita una t\u00e9cnica artesanal y conceptual, enfocada a la emoci\u00f3n.<\/p>\t\t\t\t\t\t\t\t<\/div>\n\t\t\t\t<div class=\"elementor-element elementor-element-ac5f5d5 elementor-widget elementor-widget-heading\" data-id=\"ac5f5d5\" data-element_type=\"widget\" data-e-type=\"widget\" data-widget_type=\"heading.default\">\n\t\t\t\t\t<h2 class=\"elementor-heading-title elementor-size-default\">La arquitectura es un estado de \u00e1nimo.<\/h2>\t\t\t\t<\/div>\n\t\t\t\t<\/div>\n\t\t\t\t<\/div>\n\t\t\t\t<\/div>\n\t\t","protected":false},"excerpt":{"rendered":"<p>Ferran L\u00f3pez Roca Despu\u00e9s de cursar los estudios de Arquitectura en la Universidad de Girona, fund\u00e9 el estudio en la misma ciudad en 2007. Desde entonces he centrado la actividad profesional en la creaci\u00f3n de proyectos donde intento escoger al cliente y trabajar en una escala que permita una t\u00e9cnica artesanal y conceptual, enfocada a [&hellip;]<\/p>\n","protected":false},"author":1,"featured_media":599,"parent":0,"menu_order":0,"comment_status":"closed","ping_status":"closed","template":"","meta":{"footnotes":""},"class_list":["post-771","page","type-page","status-publish","has-post-thumbnail","hentry"],"yoast_head":"<!-- This site is optimized with the Yoast SEO plugin v27.1.1 - https:\/\/yoast.com\/product\/yoast-seo-wordpress\/ -->\n<title>Arquitecto en Girona - Ferran Lopez Roca<\/title>\n<meta name=\"description\" content=\"Ferran L\u00f3pez Roca es un arquitecto en Girona que crea proyectos a escala humana con una mirada artesanal, conceptual y enfocada a la emoci\u00f3n.\" \/>\n<meta name=\"robots\" content=\"index, follow, max-snippet:-1, max-image-preview:large, max-video-preview:-1\" \/>\n<link rel=\"canonical\" href=\"https:\/\/ferranlopezroca.com\/es\/ferran-lopez-roca\/\" \/>\n<meta property=\"og:locale\" content=\"es_ES\" \/>\n<meta property=\"og:type\" content=\"article\" \/>\n<meta property=\"og:title\" content=\"Arquitecto en Girona - Ferran Lopez Roca\" \/>\n<meta property=\"og:description\" content=\"Ferran L\u00f3pez Roca es un arquitecto en Girona que crea proyectos a escala humana con una mirada artesanal, conceptual y enfocada a la emoci\u00f3n.\" \/>\n<meta property=\"og:url\" content=\"https:\/\/ferranlopezroca.com\/es\/ferran-lopez-roca\/\" \/>\n<meta property=\"og:site_name\" content=\"Ferran Lopez Roca\" \/>\n<meta property=\"article:modified_time\" content=\"2026-03-03T10:50:15+00:00\" \/>\n<meta property=\"og:image\" content=\"https:\/\/ferranlopezroca.com\/wp-content\/uploads\/2025\/08\/perfil.webp\" \/>\n\t<meta property=\"og:image:width\" content=\"1080\" \/>\n\t<meta property=\"og:image:height\" content=\"1080\" \/>\n\t<meta property=\"og:image:type\" content=\"image\/webp\" \/>\n<meta name=\"twitter:card\" content=\"summary_large_image\" \/>\n<script type=\"application\/ld+json\" class=\"yoast-schema-graph\">{\"@context\":\"https:\/\/schema.org\",\"@graph\":[{\"@type\":\"WebPage\",\"@id\":\"https:\/\/ferranlopezroca.com\/es\/ferran-lopez-roca\/\",\"url\":\"https:\/\/ferranlopezroca.com\/es\/ferran-lopez-roca\/\",\"name\":\"Arquitecto en Girona - Ferran Lopez Roca\",\"isPartOf\":{\"@id\":\"https:\/\/ferranlopezroca.com\/es\/#website\"},\"primaryImageOfPage\":{\"@id\":\"https:\/\/ferranlopezroca.com\/es\/ferran-lopez-roca\/#primaryimage\"},\"image\":{\"@id\":\"https:\/\/ferranlopezroca.com\/es\/ferran-lopez-roca\/#primaryimage\"},\"thumbnailUrl\":\"https:\/\/ferranlopezroca.com\/wp-content\/uploads\/2025\/08\/perfil.webp\",\"datePublished\":\"2025-07-31T11:02:21+00:00\",\"dateModified\":\"2026-03-03T10:50:15+00:00\",\"description\":\"Ferran L\u00f3pez Roca es un arquitecto en Girona que crea proyectos a escala humana con una mirada artesanal, conceptual y enfocada a la emoci\u00f3n.\",\"breadcrumb\":{\"@id\":\"https:\/\/ferranlopezroca.com\/es\/ferran-lopez-roca\/#breadcrumb\"},\"inLanguage\":\"es\",\"potentialAction\":[{\"@type\":\"ReadAction\",\"target\":[\"https:\/\/ferranlopezroca.com\/es\/ferran-lopez-roca\/\"]}]},{\"@type\":\"ImageObject\",\"inLanguage\":\"es\",\"@id\":\"https:\/\/ferranlopezroca.com\/es\/ferran-lopez-roca\/#primaryimage\",\"url\":\"https:\/\/ferranlopezroca.com\/wp-content\/uploads\/2025\/08\/perfil.webp\",\"contentUrl\":\"https:\/\/ferranlopezroca.com\/wp-content\/uploads\/2025\/08\/perfil.webp\",\"width\":1080,\"height\":1080,\"caption\":\"ferran lopez roca\"},{\"@type\":\"BreadcrumbList\",\"@id\":\"https:\/\/ferranlopezroca.com\/es\/ferran-lopez-roca\/#breadcrumb\",\"itemListElement\":[{\"@type\":\"ListItem\",\"position\":1,\"name\":\"Inici\",\"item\":\"https:\/\/ferranlopezroca.com\/es\/\"},{\"@type\":\"ListItem\",\"position\":2,\"name\":\"Ferran L\u00f3pez Roca\"}]},{\"@type\":\"WebSite\",\"@id\":\"https:\/\/ferranlopezroca.com\/es\/#website\",\"url\":\"https:\/\/ferranlopezroca.com\/es\/\",\"name\":\"Ferran Lopez Roca\",\"description\":\"Arquitectura\",\"publisher\":{\"@id\":\"https:\/\/ferranlopezroca.com\/es\/#organization\"},\"potentialAction\":[{\"@type\":\"SearchAction\",\"target\":{\"@type\":\"EntryPoint\",\"urlTemplate\":\"https:\/\/ferranlopezroca.com\/es\/?s={search_term_string}\"},\"query-input\":{\"@type\":\"PropertyValueSpecification\",\"valueRequired\":true,\"valueName\":\"search_term_string\"}}],\"inLanguage\":\"es\"},{\"@type\":\"Organization\",\"@id\":\"https:\/\/ferranlopezroca.com\/es\/#organization\",\"name\":\"Ferran Lopez Roca\",\"url\":\"https:\/\/ferranlopezroca.com\/es\/\",\"logo\":{\"@type\":\"ImageObject\",\"inLanguage\":\"es\",\"@id\":\"https:\/\/ferranlopezroca.com\/es\/#\/schema\/logo\/image\/\",\"url\":\"https:\/\/ferranlopezroca.com\/wp-content\/uploads\/2025\/07\/ferran-lopez-favicon.jpg\",\"contentUrl\":\"https:\/\/ferranlopezroca.com\/wp-content\/uploads\/2025\/07\/ferran-lopez-favicon.jpg\",\"width\":103,\"height\":103,\"caption\":\"Ferran Lopez Roca\"},\"image\":{\"@id\":\"https:\/\/ferranlopezroca.com\/es\/#\/schema\/logo\/image\/\"},\"sameAs\":[\"https:\/\/www.instagram.com\/ferranlopezroca_studio\/\"]}]}<\/script>\n<!-- \/ Yoast SEO plugin. -->","yoast_head_json":{"title":"Arquitecto en Girona - Ferran Lopez Roca","description":"Ferran L\u00f3pez Roca es un arquitecto en Girona que crea proyectos a escala humana con una mirada artesanal, conceptual y enfocada a la emoci\u00f3n.","robots":{"index":"index","follow":"follow","max-snippet":"max-snippet:-1","max-image-preview":"max-image-preview:large","max-video-preview":"max-video-preview:-1"},"canonical":"https:\/\/ferranlopezroca.com\/es\/ferran-lopez-roca\/","og_locale":"es_ES","og_type":"article","og_title":"Arquitecto en Girona - Ferran Lopez Roca","og_description":"Ferran L\u00f3pez Roca es un arquitecto en Girona que crea proyectos a escala humana con una mirada artesanal, conceptual y enfocada a la emoci\u00f3n.","og_url":"https:\/\/ferranlopezroca.com\/es\/ferran-lopez-roca\/","og_site_name":"Ferran Lopez Roca","article_modified_time":"2026-03-03T10:50:15+00:00","og_image":[{"width":1080,"height":1080,"url":"https:\/\/ferranlopezroca.com\/wp-content\/uploads\/2025\/08\/perfil.webp","type":"image\/webp"}],"twitter_card":"summary_large_image","schema":{"@context":"https:\/\/schema.org","@graph":[{"@type":"WebPage","@id":"https:\/\/ferranlopezroca.com\/es\/ferran-lopez-roca\/","url":"https:\/\/ferranlopezroca.com\/es\/ferran-lopez-roca\/","name":"Arquitecto en Girona - Ferran Lopez Roca","isPartOf":{"@id":"https:\/\/ferranlopezroca.com\/es\/#website"},"primaryImageOfPage":{"@id":"https:\/\/ferranlopezroca.com\/es\/ferran-lopez-roca\/#primaryimage"},"image":{"@id":"https:\/\/ferranlopezroca.com\/es\/ferran-lopez-roca\/#primaryimage"},"thumbnailUrl":"https:\/\/ferranlopezroca.com\/wp-content\/uploads\/2025\/08\/perfil.webp","datePublished":"2025-07-31T11:02:21+00:00","dateModified":"2026-03-03T10:50:15+00:00","description":"Ferran L\u00f3pez Roca es un arquitecto en Girona que crea proyectos a escala humana con una mirada artesanal, conceptual y enfocada a la emoci\u00f3n.","breadcrumb":{"@id":"https:\/\/ferranlopezroca.com\/es\/ferran-lopez-roca\/#breadcrumb"},"inLanguage":"es","potentialAction":[{"@type":"ReadAction","target":["https:\/\/ferranlopezroca.com\/es\/ferran-lopez-roca\/"]}]},{"@type":"ImageObject","inLanguage":"es","@id":"https:\/\/ferranlopezroca.com\/es\/ferran-lopez-roca\/#primaryimage","url":"https:\/\/ferranlopezroca.com\/wp-content\/uploads\/2025\/08\/perfil.webp","contentUrl":"https:\/\/ferranlopezroca.com\/wp-content\/uploads\/2025\/08\/perfil.webp","width":1080,"height":1080,"caption":"ferran lopez roca"},{"@type":"BreadcrumbList","@id":"https:\/\/ferranlopezroca.com\/es\/ferran-lopez-roca\/#breadcrumb","itemListElement":[{"@type":"ListItem","position":1,"name":"Inici","item":"https:\/\/ferranlopezroca.com\/es\/"},{"@type":"ListItem","position":2,"name":"Ferran L\u00f3pez Roca"}]},{"@type":"WebSite","@id":"https:\/\/ferranlopezroca.com\/es\/#website","url":"https:\/\/ferranlopezroca.com\/es\/","name":"Ferran Lopez Roca","description":"Arquitectura","publisher":{"@id":"https:\/\/ferranlopezroca.com\/es\/#organization"},"potentialAction":[{"@type":"SearchAction","target":{"@type":"EntryPoint","urlTemplate":"https:\/\/ferranlopezroca.com\/es\/?s={search_term_string}"},"query-input":{"@type":"PropertyValueSpecification","valueRequired":true,"valueName":"search_term_string"}}],"inLanguage":"es"},{"@type":"Organization","@id":"https:\/\/ferranlopezroca.com\/es\/#organization","name":"Ferran Lopez Roca","url":"https:\/\/ferranlopezroca.com\/es\/","logo":{"@type":"ImageObject","inLanguage":"es","@id":"https:\/\/ferranlopezroca.com\/es\/#\/schema\/logo\/image\/","url":"https:\/\/ferranlopezroca.com\/wp-content\/uploads\/2025\/07\/ferran-lopez-favicon.jpg","contentUrl":"https:\/\/ferranlopezroca.com\/wp-content\/uploads\/2025\/07\/ferran-lopez-favicon.jpg","width":103,"height":103,"caption":"Ferran Lopez Roca"},"image":{"@id":"https:\/\/ferranlopezroca.com\/es\/#\/schema\/logo\/image\/"},"sameAs":["https:\/\/www.instagram.com\/ferranlopezroca_studio\/"]}]}},"_links":{"self":[{"href":"https:\/\/ferranlopezroca.com\/es\/wp-json\/wp\/v2\/pages\/771","targetHints":{"allow":["GET"]}}],"collection":[{"href":"https:\/\/ferranlopezroca.com\/es\/wp-json\/wp\/v2\/pages"}],"about":[{"href":"https:\/\/ferranlopezroca.com\/es\/wp-json\/wp\/v2\/types\/page"}],"author":[{"embeddable":true,"href":"https:\/\/ferranlopezroca.com\/es\/wp-json\/wp\/v2\/users\/1"}],"replies":[{"embeddable":true,"href":"https:\/\/ferranlopezroca.com\/es\/wp-json\/wp\/v2\/comments?post=771"}],"version-history":[{"count":7,"href":"https:\/\/ferranlopezroca.com\/es\/wp-json\/wp\/v2\/pages\/771\/revisions"}],"predecessor-version":[{"id":1112,"href":"https:\/\/ferranlopezroca.com\/es\/wp-json\/wp\/v2\/pages\/771\/revisions\/1112"}],"wp:featuredmedia":[{"embeddable":true,"href":"https:\/\/ferranlopezroca.com\/es\/wp-json\/wp\/v2\/media\/599"}],"wp:attachment":[{"href":"https:\/\/ferranlopezroca.com\/es\/wp-json\/wp\/v2\/media?parent=771"}],"curies":[{"name":"wp","href":"https:\/\/api.w.org\/{rel}","templated":true}]}}